{"id":42,"date":"2020-11-30T09:20:47","date_gmt":"2020-11-30T08:20:47","guid":{"rendered":"http:\/\/studioimpressif.com\/?page_id=42"},"modified":"2025-05-16T10:08:54","modified_gmt":"2025-05-16T08:08:54","slug":"a-propos","status":"publish","type":"page","link":"https:\/\/studioimpressif.com\/index.php\/a-propos\/","title":{"rendered":"A propos"},"content":{"rendered":"<p><section class=\"kc-elm kc-css-232259 kc_row\"><div class=\"kc-row-container  kc-container\"><div class=\"kc-wrap-columns\"><div class=\"kc-elm kc-css-864987 kc_col-sm-6 kc_column kc_col-sm-6\"><div class=\"kc-col-container\"><div class=\"kc-elm kc-css-257806 kc_text_block\"><\/p>\n<h3>IMPRESSIF est un studio de tissage sp\u00e9cialis\u00e9 dans la paille seigle.<\/h3>\n<\/p>\n<p>\n<\/div><\/div><\/div><div class=\"kc-elm kc-css-137673 kc_col-sm-6 kc_column kc_col-sm-6\"><div class=\"kc-col-container\"><div class=\"kc-elm kc-css-76673 kc_text_block\"><\/p>\n<h4><span style=\"font-size: 1em; color: #444444; font-style: inherit;\">Une technique \u00e0 la crois\u00e9 de diff\u00e9rents savoir-faire : le <strong>TISSAGE<\/strong>, le <strong>TRESSAGE<\/strong> et la <strong>MARQUETERIE DE PAILLE<\/strong>.<\/span><\/h4>\n<h4>Le studio r\u00e9pond aux projets\u00a0 d\u2019architectures d\u2019int\u00e9rieurs et des maisons de luxe.<\/h4>\n<p>\n<\/div><\/div><\/div><\/div><\/div><\/section><section class=\"kc-elm kc-css-877760 kc_row\"><div class=\"kc-row-container  kc-container\"><div class=\"kc-wrap-columns\"><div class=\"kc-elm kc-css-626424 kc_col-sm-12 kc_column kc_col-sm-12\"><div class=\"kc-col-container\"><div class=\"kc-elm kc-css-579202\" style=\"height: 138px; clear: both; width:100%;\"><\/div><\/div><\/div><\/div><\/div><\/section><section class=\"kc-elm kc-css-591700 kc_row\"><div class=\"kc-row-container  kc-container\"><div class=\"kc-wrap-columns\"><div class=\"kc-elm kc-css-902346 kc_col-sm-3 kc_column kc_col-sm-3\"><div class=\"kc-col-container\"><div class=\"kc-elm kc-css-490408 kc_text_block\"><\/p>\n<p style=\"text-align: center;\"><strong>\u00a0\u00bb IMPRESSIF \u00ab\u00a0<\/strong><\/p>\n<p>\n<\/div><div class=\"kc-elm kc-css-836248\" style=\"height: 40px; clear: both; width:100%;\"><\/div><div class=\"kc-elm kc-css-399599 kc_text_block\"><\/p>\n<p style=\"text-align: center;\"><strong>Connaissez-vous les impressifs Japonais nom\u00e9e \u00abgitaigo\u00bb ?<\/strong><\/p>\n<p style=\"text-align: center;\">C\u2019est un concept de la langue Japonaise inexistant dans la culture Fran\u00e7aise !<\/p>\n<p style=\"text-align: center;\">Ce sont des mots proches des onomatop\u00e9es\u00a0 mais au lieu de traduire un son, les gitaigo traduisent un \u00e9tat physique ou \u00e9motionnel, une sensation et qui ne produisent, en fait, aucun son. La langue japonaise cr\u00e9e alors un mot faisant penser au ph\u00e9nom\u00e8ne voulant \u00eatre illustr\u00e9.<\/p>\n<p style=\"text-align: center;\"><em>\u201cWakuWaku\u201d d\u00e9crit un\u00a0 sentiment d\u2019excitation et de joie.<\/em><\/p>\n<p style=\"text-align: center;\"><em>PikaPika\u201d pour d\u00e9crire quelque chose qui scintille&#8230;<\/em><\/p>\n<p style=\"text-align: center;\">Ces mots sont tr\u00e8s utilis\u00e9s dans la litt\u00e9rature japonaise et dans les mangas.<\/p>\n<p style=\"text-align: center;\"><strong>L\u2019utilisation des gitaigos est un concept tr\u00e8s po\u00e9tique mettant en valeur des ph\u00e9nom\u00e8nes impalpables \u00e0 l\u2019int\u00e9rieur de nous. En nommant mon studio \u00abImpressif\u00bb, j\u2019ai choisi de partager cette po\u00e9sie qui m\u2019inspire dans mon travail textile, de r\u00e9v\u00e9ler ce que produit la mati\u00e8re en nous.<\/strong><\/p>\n<p>\n<\/div><\/div><\/div><div class=\"kc-elm kc-css-788273 kc_col-sm-1 kc_column kc_col-sm-1\"><div class=\"kc-col-container\"><div class=\"kc-elm kc-css-104662 kc_text_block\"><\/p>\n<p style=\"text-align: center;\">\n<p>\n<\/div><div class=\"kc-elm kc-css-608481\" style=\"height: 40px; clear: both; width:100%;\"><\/div><div class=\"kc-elm kc-css-103766 kc_text_block\"><\/p>\n<p style=\"text-align: center;\">\n<p>\n<\/div><\/div><\/div><div class=\"kc-elm kc-css-184363 kc_col-sm-3 kc_column kc_col-sm-3\"><div class=\"kc-col-container\"><div class=\"kc-elm kc-css-657645 kc_text_block\"><\/p>\n<p style=\"text-align: center;\"><strong>SENSIBILIT\u00c9<\/strong><\/p>\n<p>\n<\/div><div class=\"kc-elm kc-css-675428\" style=\"height: 40px; clear: both; width:100%;\"><\/div><div class=\"kc-elm kc-css-321035 kc_text_block\"><\/p>\n<p style=\"text-align: center;\"><span style=\"font-style: inherit;\">Le studio place la sensibilit\u00e9 de l\u2019artisanat textile et l\u2019\u00e9motion qui en r\u00e9sulte au c\u0153ur de sa d\u00e9marche cr\u00e9ative.<\/span><\/p>\n<p style=\"text-align: center;\">L\u2019artisanat, en plus de son r\u00e9sultat palpable, transmet une beaut\u00e9 impressive, immat\u00e9rielle et unique.<\/p>\n<p style=\"text-align: center;\">Les techniques de tissage et de tressages sont ancestrales et issues de diff\u00e9rentes parties du monde, elles nous nourrissent d\u2019histoires et d\u2019ing\u00e9niosit\u00e9s. Elles sont alors un moyen d\u2019expression id\u00e9al pour s\u2019\u00e9vader ou s\u2019ancrer dans un lieu.\u00a0<\/p>\n<p style=\"text-align: center;\">\n<p style=\"text-align: center;\">C\u2019est en combinant, contraignant, lib\u00e9rant, croisant, nouant, tressant, glissant&#8230; des mati\u00e8res diff\u00e9rentes ensemble que des mati\u00e8res tiss\u00e9es singuli\u00e8res voient le jour.\u00a0<\/p>\n<p style=\"text-align: center;\">\n<p style=\"text-align: center;\">Techniques utilis\u00e9es :\u00a0<\/p>\n<p style=\"text-align: center;\"><span style=\"white-space: normal;\"><span style=\"white-space:pre\">\t<\/span>Tissage \u00e0 bras sur m\u00e9tiers \u00e0 tisser \u00e0 cadres.<\/span><\/p>\n<p style=\"text-align: center;\"><span style=\"white-space: normal;\"><span style=\"white-space:pre\">\t<\/span>Tressage artisanal s\u2019inspirant du : cannage, vannerie fran\u00e7aise et japonaise et techniques populaires.<\/span><\/p>\n<p>\n<\/div><\/div><\/div><div class=\"kc-elm kc-css-687550 kc_col-sm-1 kc_column kc_col-sm-1\"><div class=\"kc-col-container\"><div class=\"kc-elm kc-css-439078 kc_text_block\"><\/p>\n<p style=\"text-align: center;\">\n<p>\n<\/div><div class=\"kc-elm kc-css-56980\" style=\"height: 40px; clear: both; width:100%;\"><\/div><div class=\"kc-elm kc-css-685704 kc_text_block\"><\/p>\n<p style=\"text-align: center;\">\n<p>\n<\/div><\/div><\/div><div class=\"kc-elm kc-css-448661 kc_col-sm-3 kc_column kc_col-sm-3\"><div class=\"kc-col-container\"><div class=\"kc-elm kc-css-862097 kc_text_block\"><\/p>\n<p style=\"text-align: center;\"><strong>SINC\u00c9RIT\u00c9<\/strong><\/p>\n<p>\n<\/div><div class=\"kc-elm kc-css-154913\" style=\"height: 40px; clear: both; width:100%;\"><\/div><div class=\"kc-elm kc-css-676525 kc_text_block\"><\/p>\n<p style=\"text-align: center;\"><span style=\"font-style: inherit;\">Impressif s\u2019engage dans une d\u00e9marche responsable pour la terre et pour ceux qui y habitent. Pour cela, le studio privil\u00e9gie l\u2019utilisation des mat\u00e9riaux naturels produits et transform\u00e9s en France et en Europe ainsi qu\u2019une fabrication artisanale et Fran\u00e7aise.\u00a0<\/span><\/p>\n<p style=\"text-align: center;\">\n<p style=\"text-align: center;\">Afin de voir revivre un \u00ab\u00e9cosyst\u00e8me textile\u00bb en France :\u00a0\u00a0<\/p>\n<p style=\"text-align: center;\"><span style=\"white-space: normal;\"><span style=\"white-space:pre\">\t<\/span>. Le studio soutient les petits producteurs de mati\u00e8re fran\u00e7aise<\/span><\/p>\n<p style=\"text-align: center;\"><span style=\"white-space: normal;\"><span style=\"white-space:pre\">\t<\/span>. La fabrication des mati\u00e8res tiss\u00e9es sont r\u00e9alis\u00e9es dans mon atelier ou par des tisserands partenaires en France.<\/span><\/p>\n<p style=\"text-align: center;\">\n<p style=\"text-align: center;\">Mat\u00e9riaux naturels utilis\u00e9es : Paille de seigle, lin Fran\u00e7ais et Belges, chanvre Europ\u00e9en, laine fran\u00e7aise.<\/p>\n<p>\n<\/div><\/div><\/div><\/div><\/div><\/section><section class=\"kc-elm kc-css-346425 kc_row\"><div class=\"kc-row-container  kc-container\"><div class=\"kc-wrap-columns\"><div class=\"kc-elm kc-css-912222 kc_col-sm-12 kc_column kc_col-sm-12\"><div class=\"kc-col-container\"><div class=\"kc-elm kc-css-696688\" style=\"height: 138px; clear: both; width:100%;\"><\/div><\/div><\/div><\/div><\/div><\/section><section class=\"kc-elm kc-css-249149 kc_row\"><div class=\"kc-row-container  kc-container\"><div class=\"kc-wrap-columns\"><div class=\"kc-elm kc-css-635856 kc_col-sm-2 kc_column kc_col-sm-2\"><div class=\"kc-col-container\"><\/div><\/div><div class=\"kc-elm kc-css-977217 kc_col-sm-5 kc_column kc_col-sm-5\"><div class=\"kc-col-container\"><div class=\"kc-elm kc-css-341254 kc_text_block\"><\/p>\n<p>Designer textile et tisserande, L\u00e9na Perraguin, a \u00e9t\u00e9 form\u00e9e \u00e0 l\u2019ENSCI-Les ateliers (Ecole Nationale Sup\u00e9rieur de Cr\u00e9ation Industrielle) \u00e0 Paris.\u00a0<\/p>\n<p>Apr\u00e8s un parcours professionnel dans l&rsquo;industrie et l&rsquo;artisanat, e<span style=\"font-style: inherit;\">lle cr\u00e9e son studio \u00e9ponyme sp\u00e9cialis\u00e9 en tissage artisanal en 2018 pour laisser place \u00e0 une d\u00e9marche plus g\u00e9n\u00e9reuse avec le studio \u00ab Impressif \u00bb fin 2020.<\/span><\/p>\n<p><span style=\"font-style: inherit;\"><br \/><\/span><\/p>\n<p><span style=\"font-style: inherit;\">Le studio est bas\u00e9 pr\u00e8s des pyr\u00e9n\u00e9es \u00e0 Aurignac (31).<\/span><\/p>\n<p>\n<\/div><\/div><\/div><div class=\"kc-elm kc-css-512518 kc_col-sm-2 kc_column kc_col-sm-2\"><div class=\"kc-col-container\"><\/div><\/div><div class=\"kc-elm kc-css-310967 kc_col-sm-3 kc_column kc_col-sm-3\"><div class=\"kc-col-container\"><div class=\"kc-elm kc-css-305198 kc_shortcode kc_single_image\">\n\n        <img decoding=\"async\" src=\"https:\/\/studioimpressif.com\/wp-content\/uploads\/2020\/11\/LenaPerraguin-scaled-e1706275773251-1000x806.jpg\" class=\"\" alt=\"\" \/>    <\/div>\n<\/div><\/div><\/div><\/div><\/section><\/p>\n","protected":false},"excerpt":{"rendered":"","protected":false},"author":1,"featured_media":0,"parent":0,"menu_order":0,"comment_status":"closed","ping_status":"closed","template":"","meta":{"footnotes":""},"class_list":["post-42","page","type-page","status-publish","hentry"],"_links":{"self":[{"href":"https:\/\/studioimpressif.com\/index.php\/wp-json\/wp\/v2\/pages\/42","targetHints":{"allow":["GET"]}}],"collection":[{"href":"https:\/\/studioimpressif.com\/index.php\/wp-json\/wp\/v2\/pages"}],"about":[{"href":"https:\/\/studioimpressif.com\/index.php\/wp-json\/wp\/v2\/types\/page"}],"author":[{"embeddable":true,"href":"https:\/\/studioimpressif.com\/index.php\/wp-json\/wp\/v2\/users\/1"}],"replies":[{"embeddable":true,"href":"https:\/\/studioimpressif.com\/index.php\/wp-json\/wp\/v2\/comments?post=42"}],"version-history":[{"count":43,"href":"https:\/\/studioimpressif.com\/index.php\/wp-json\/wp\/v2\/pages\/42\/revisions"}],"predecessor-version":[{"id":654,"href":"https:\/\/studioimpressif.com\/index.php\/wp-json\/wp\/v2\/pages\/42\/revisions\/654"}],"wp:attachment":[{"href":"https:\/\/studioimpressif.com\/index.php\/wp-json\/wp\/v2\/media?parent=42"}],"curies":[{"name":"wp","href":"https:\/\/api.w.org\/{rel}","templated":true}]}}